{"id":94,"date":"2016-08-22T13:44:51","date_gmt":"2016-08-22T10:44:51","guid":{"rendered":"http:\/\/mybase.com.ua\/finance\/?page_id=94"},"modified":"2018-06-08T15:07:52","modified_gmt":"2018-06-08T12:07:52","slug":"impressum","status":"publish","type":"page","link":"https:\/\/fg-welt.de\/ru\/impressum\/","title":{"rendered":"\u0418\u043c\u043f\u0440\u0435\u0441\u0441\u0443\u043c"},"content":{"rendered":"<p><\/p>\n<p><img decoding=\"async\" loading=\"lazy\" class=\"alignleft size-full wp-image-163\" src=\"http:\/\/fg-welt.de\/wp-content\/uploads\/2016\/08\/Leinecker-Stanislaw-6026-1.jpg\" alt=\"leinecker-stanislaw-6026\" width=\"1200\" height=\"800\" srcset=\"https:\/\/fg-welt.de\/wp-content\/uploads\/2016\/08\/Leinecker-Stanislaw-6026-1.jpg 1200w, https:\/\/fg-welt.de\/wp-content\/uploads\/2016\/08\/Leinecker-Stanislaw-6026-1-300x200.jpg 300w, https:\/\/fg-welt.de\/wp-content\/uploads\/2016\/08\/Leinecker-Stanislaw-6026-1-768x512.jpg 768w, https:\/\/fg-welt.de\/wp-content\/uploads\/2016\/08\/Leinecker-Stanislaw-6026-1-1024x683.jpg 1024w\" sizes=\"(max-width: 1200px) 100vw, 1200px\" \/><\/p>\n<p><span style=\"font-size: 12pt;\">Die Inhalte der Internet Seiten stellen keine Beratung dar. Wir weisen darauf hin, da\u00df wir keine Subventionsberatung oder F\u00f6rdermittelberatung durchf\u00fchren. Insbesondere ist eine Rechts- oder Steuerberatung nicht beabsichtigt. Die Inhalte der Internet Seiten dienen schwerpunktm\u00e4\u00dfig lediglich der Information und geben einen ersten \u00dcberblick \u00fcber<\/span><\/p>\n<p><span style=\"color: #000000; font-size: 12pt;\"><span style=\"font-family: Arial, serif;\">Stanislaus Leinecker<\/span><\/span><\/p>\n<p><span style=\"color: #000000; font-size: 12pt;\"><span style=\"font-family: Arial, serif;\">In Arbeitsgemeinschaft mit <\/span><\/span><\/p>\n<p><span style=\"color: #000000; font-size: 12pt;\"><span style=\"font-family: Arial, serif;\">FG FINANZ-SERVICE Aktiengesellschaft<\/span><\/span><\/p>\n<p><span style=\"font-size: 12pt;\">Stanislaus Leinecker<\/span><br \/><span style=\"font-size: 12pt;\">Rotenbergplatz 10<\/span><br \/><span style=\"font-size: 12pt;\">72622 N\u00fcrtingen<\/span><br \/><span style=\"font-size: 12pt;\">Telefon: 07022-903404<\/span><br \/><span style=\"font-size: 12pt;\">Telefax: 07022-2165144<\/span><br \/><span style=\"font-size: 12pt;\">Mobil: 0171-4980391<\/span><br \/><span style=\"font-size: 12pt;\">E-Mail: Stanislaw.Leinecker@fgpartner.de<\/span><\/p>\n<p><span style=\"font-size: 12pt;\">\u2014\u2014\u2014\u2014\u2014\u2014\u2014\u2013<\/span><\/p>\n<p class=\"bodytext\"><span style=\"font-size: 12pt;\"><strong>Verantwortlicher im Sinne des \u00a7 55 RStV:<\/strong><\/span><br \/><span style=\"font-size: 12pt;\">Stanislaus Leinecker<\/span><br \/><span style=\"font-size: 12pt;\">Rotenbergplatz 10<\/span><br \/><span style=\"font-size: 12pt;\">72622 N\u00fcrtingen<\/span><\/p>\n<p><span style=\"color: #000000; font-size: 12pt;\"><span style=\"font-family: 'Minion Pro', serif;\"><span style=\"font-family: Arial, serif;\">Datenschutzbeauftragter <\/span><\/span><\/span><\/p>\n<p><span style=\"font-size: 12pt;\">Rotenbergplatz 10 &#8211; 72622 N\u00fcrtingen<\/span><\/p>\n<p><span style=\"font-size: 12pt;\">Telefon: 07022-903404<\/span><br \/><span style=\"font-size: 12pt;\">Telefax: 07022-2165144<\/span><br \/><span style=\"font-size: 12pt;\">E-Mail: Stanislaw.Leinecker@fgpartner.de<\/span><\/p>\n<p>&nbsp;<\/p>\n<p><span style=\"font-size: 12pt;\"><strong>Mitglied der Industrie- und Handelskammer<br \/>Stuttgart<\/strong><\/span><br \/><span style=\"font-size: 12pt;\">J\u00e4gerstra\u00dfe 30\u00a0<\/span><br \/><span style=\"font-size: 12pt;\">70174 Stuttgart<\/span><br \/><span style=\"font-size: 12pt;\">Tel.: 071120050<\/span><br \/><span style=\"font-size: 12pt;\">https:\/\/www.stuttgart.ihk24.de\/<\/span><\/p>\n<p class=\"bodytext\"><span style=\"font-size: 12pt;\"><strong>Plattform der EU-Kommission zur Online-Streitbeilegung<\/strong><\/span><br \/><span style=\"font-size: 12pt;\"><a class=\"external-link-new-window\" title=\"\u00d6ffnet externen Link in neuem Fenster\" href=\"http:\/\/ec.europa.eu\/consumers\/odr\" target=\"_blank\">http:\/\/ec.europa.eu\/consumers\/odr<\/a><\/span><\/p>\n<p class=\"bodytext\"><span style=\"font-size: 12pt;\"><strong>Vermittlung von Versicherungen\u00a0<\/strong><\/span><br \/><span style=\"font-size: 12pt;\">Registrierung nach \u00a7 34d Abs. 1 Gewerbeordnung<\/span><br \/><span style=\"font-size: 12pt;\">Vermittlerregister:\u00a0Register-Nr.\u00a0D-CM1S-ACZX5<\/span><br \/><span style=\"font-size: 12pt;\"><a class=\"external-link-new-window\" title=\"\u00d6ffnet externen Link in neuem Fenster\" href=\"http:\/\/www.vermittlerregister.info\/\" target=\"_blank\">www.vermittlerregister.info<\/a><\/span><\/p>\n<p class=\"bodytext\"><span style=\"font-size: 12pt;\"><strong>Zust\u00e4ndige Aufsichtsbeh\u00f6rde\u00a0<\/strong><\/span><br \/><span style=\"font-size: 12pt;\">Industrie- und Handelskammer<\/span><br \/><span style=\"font-size: 12pt;\">Stuttgart<\/span><br \/><span style=\"font-size: 12pt;\">J\u00e4gerstra\u00dfe 30\u00a0<\/span><br \/><span style=\"font-size: 12pt;\">70174 Stuttgart<\/span><br \/><span style=\"font-size: 12pt;\">Tel.: 071120050<\/span><br \/><span style=\"font-size: 12pt;\">https:\/\/www.stuttgart.ihk24.de\/<\/span><\/p>\n<p class=\"bodytext\"><span style=\"font-size: 12pt;\"><strong>Versicherungsvertreter mit einer Erlaubnis<br \/>nach \u00a7 34d Abs. 1 Gewerbeordnung\u00a0<\/strong><\/span><br \/><span style=\"font-size: 12pt;\">Bundesrepublik Deutschland<\/span><\/p>\n<p class=\"bodytext\"><span style=\"font-size: 12pt;\"><strong>Berufsrechtliche Regelung<\/strong>\u00a0<\/span><br \/><span style=\"font-size: 12pt;\">\u2013 \u00a7 34d Gewerbeordnung<\/span><br \/><span style=\"font-size: 12pt;\">\u2013 \u00a7\u00a7 59-68 Versicherungsvertragsgesetz (VVG)<\/span><br \/><span style=\"font-size: 12pt;\">\u2013 Versicherungsvermittlungsverordnung (VersVermV)<\/span><\/p>\n<p class=\"bodytext\"><span style=\"font-size: 12pt;\"><strong>Vermittlung von Immobiliardarlehen<\/strong><\/span><br \/><span style=\"font-size: 12pt;\">Registrierung nach \u00a7 34i Abs. 1 Gewerbeordnung<\/span><br \/><span style=\"font-size: 12pt;\">Vermittlerregister: Register-Nr. D-W-175-DUYD-06<\/span><br \/><span style=\"font-size: 12pt;\"><a class=\"external-link-new-window\" title=\"\u00d6ffnet externen Link in neuem Fenster\" href=\"http:\/\/www.vermittlerregister.info\/\" target=\"_blank\">www.vermittlerregister.info<\/a><\/span><\/p>\n<p class=\"bodytext\"><span style=\"font-size: 12pt;\"><strong>Zust\u00e4ndige Aufsichtsbeh\u00f6rde<\/strong><\/span><br \/><span style=\"font-size: 12pt;\">Industrie- und Handelskammer<\/span><br \/><span style=\"font-size: 12pt;\">Stuttgart<\/span><br \/><span style=\"font-size: 12pt;\">J\u00e4gerstra\u00dfe 30\u00a0<\/span><br \/><span style=\"font-size: 12pt;\">70174 Stuttgart<\/span><br \/><span style=\"font-size: 12pt;\">Tel.: 071120050<\/span><br \/><span style=\"font-size: 12pt;\">https:\/\/www.stuttgart.ihk24.de\/<\/span><\/p>\n<p class=\"bodytext\"><span style=\"font-size: 12pt;\"><strong>Immobiliardarlehensvermittler mit einer Erlaubnis<br \/>nach \u00a7 34i Abs. 1\u00a0Gewerbeordnung<\/strong><\/span><br \/><span style=\"font-size: 12pt;\">Bundesrepublik Deutschland<\/span><\/p>\n<p class=\"bodytext\"><span style=\"font-size: 12pt;\"><strong>Berufsrechtliche Regelung<\/strong><\/span><br \/><span style=\"font-size: 12pt;\">\u2013 \u00a7 34i Gewerbeordnung<\/span><br \/><span style=\"font-size: 12pt;\">\u2013 Immobiliardarlehensvermittlungsverordnung (ImmVermV)<\/span><br \/><span style=\"font-size: 12pt;\">\u2013 Wohnimmobilienkreditrichtlinie<\/span><\/p>\n<p class=\"bodytext\"><span style=\"font-size: 12pt;\"><strong>Vermittlung von Immobilien und Darlehen\u00a0<br \/>Erlaubnis nach \u00a7 34c Abs. 1 Gewerbeordnung<\/strong><\/span><\/p>\n<p class=\"bodytext\"><span style=\"font-size: 12pt;\"><strong>Zust\u00e4ndige Aufsichtsbeh\u00f6rde\u00a0<\/strong><\/span><br \/><span style=\"font-size: 12pt;\">Stadt\u00a0N\u00fcrtingen<\/span><br \/><span style=\"font-size: 12pt;\">Ordnungsamt \u2013 Gewerbebeh\u00f6rde<\/span><br \/><span style=\"font-size: 12pt;\">Marktstra\u00dfe 7<\/span><br \/><span style=\"font-size: 12pt;\">72622 N\u00fcrtingen<\/span><br \/><span style=\"font-size: 12pt;\">https:\/\/www.nuertingen.de<\/span><\/p>\n<p class=\"bodytext\"><span style=\"font-size: 12pt;\"><strong>Berufsrechtliche Regelung<br \/><\/strong>\u2013 \u00a7 34c Gewerbeordnung<\/span><br \/><span style=\"font-size: 12pt;\">\u2013 Makler- und Bautr\u00e4gerverordnung (MaBV)<\/span><\/p>\n<p><span style=\"color: #000000; font-size: 12pt;\"><span style=\"color: #9e5c35;\"><span style=\"font-family: Arial, serif;\"><b>Berufsrechtliche Regelung<\/b><\/span><\/span><\/span><\/p>\n<p><span style=\"color: #000000; font-size: 12pt;\"><span style=\"color: #9e5c35;\"><span style=\"font-family: Arial, serif;\">&#8211; \u00a7 34c Gewerbeordnung <\/span><\/span><\/span><\/p>\n<p><span style=\"color: #000000; font-size: 12pt;\"><span style=\"color: #9e5c35;\"><span style=\"font-family: Arial, serif;\">&#8211; Makler- und Bautr\u00e4gerverordnung (MaBV) <\/span><\/span><\/span><\/p>\n<p><span style=\"color: #000000; font-size: 12pt;\"><span style=\"font-family: Arial, serif;\">Die berufsrechtlichen Regelungen k\u00f6nnen \u00fcber die vom Bundesministerium der Justiz und von der juris GmbH betriebene Homepage <\/span><span style=\"font-family: Arial, serif;\"><u>www.gesetze-im-internet.de<\/u><\/span><span style=\"font-family: Arial, serif;\"> eingesehen und abgerufen werden.<\/span><\/span><\/p>\n<p><span style=\"font-family: 'Times New Roman', serif; font-size: 12pt;\"><span style=\"font-family: Arial, serif;\"><b>Alternative Streitbeilegung<\/b><\/span><span style=\"font-family: Arial, serif;\"><br \/> Sofern im Falle einer Kundenbeschwerde ausnahmsweise keine einvernehmliche L\u00f6sung mit unserem Unternehmen gefunden werden kann, ist unser Unternehmen bereit, an einem Streitbeilegungsverfahren vor einer Verbraucherschlichtungsstelle teilzunehmen. <\/span><\/span><\/p>\n<p><span style=\"font-family: 'Times New Roman', serif; font-size: 12pt;\"><span style=\"font-family: Arial, serif;\">Je nachdem welchem Leistungsbereich unseres Unternehmens Ihre Beschwerde zuzuordnen ist, sind unterschiedliche Schlichtungsstellen zust\u00e4ndig. <\/span><\/span><\/p>\n<p><span style=\"font-family: 'Times New Roman', serif; font-size: 12pt;\"><span style=\"color: #009a4e;\"><span style=\"font-family: Arial, serif;\"><b>Schlichtungsstelle f\u00fcr eine Versicherungsvermittlung<\/b><\/span><\/span><span style=\"color: #009a4e;\"><span style=\"font-family: Arial, serif;\"><br \/> Versicherungsombudsmann e. V. <\/span><\/span><\/span><\/p>\n<p><span style=\"font-family: 'Times New Roman', serif; font-size: 12pt;\"><span style=\"color: #009a4e;\"><span style=\"font-family: Arial, serif;\">Kontakt: Postfach 080632, 1006 Berlin <br \/> Telefon: 0800 \/ 36 96 000 (Inland), +49 30 \/ 20 60 58 99 (Ausland) <br \/> Telefax: 0800 \/ 36 99 000 (Inland), +49 30 \/ 20 60 58 98 (Ausland) <br \/> Internet: <\/span><\/span><a href=\"http:\/\/www.versicherungsombudsmann.de\"><span style=\"color: #009a4e;\"><span style=\"font-family: Arial, serif;\"><u>www.versicherungsombudsmann.de<\/u><\/span><\/span> <\/a><span style=\"color: #009a4e;\"><span style=\"font-family: Arial, serif;\"><br \/> \u00a0Mail: <\/span><\/span><a><span style=\"color: #009a4e;\"><span style=\"font-family: Arial, serif;\"><u>beschwerde(at)versicherungsombudsmann.de<\/u><\/span><\/span><\/a> <\/span><\/p>\n<p><span style=\"font-family: 'Times New Roman', serif; font-size: 12pt;\"><span style=\"color: #009a4e;\"><span style=\"font-family: Arial, serif;\"><b>Schlichtungsstelle f\u00fcr die Vermittlung einer privaten Krankenversicherung<\/b><\/span><\/span><span style=\"color: #009a4e;\"><span style=\"font-family: Arial, serif;\"><br \/> Ombudsmann Private Kranken- und Pflegeversicherung <\/span><\/span><\/span><\/p>\n<p><span style=\"font-family: 'Times New Roman', serif; font-size: 12pt;\"><span style=\"color: #009a4e;\"><span style=\"font-family: Arial, serif;\">Kontakt: Glinkastra\u00dfe 40, 10117 Berlin <br \/> Telefon: +49 800 \/ 25 50 444 <br \/> Telefax: +49 30 \/ 20 45 89 31 <br \/> Internet: <\/span><\/span><a href=\"http:\/\/www.pkv-ombudsmann.de\"><span style=\"color: #009a4e;\"><span style=\"font-family: Arial, serif;\"><u>www.pkv-ombudsmann.de<\/u><\/span><\/span> <\/a><span style=\"color: #009a4e;\"><span style=\"font-family: Arial, serif;\"><br \/> Mail: <\/span><\/span><a><span style=\"color: #009a4e;\"><span style=\"font-family: Arial, serif;\"><u>ombudsmann(at)pkv-ombudsmann.de<\/u><\/span><\/span><\/a> <\/span><\/p>\n<p><span style=\"font-family: 'Times New Roman', serif; font-size: 12pt;\"><span style=\"color: #0070c0;\"><span style=\"font-family: Arial, serif;\">Betrifft Ihre Beschwerde eine Darlehensvermittlung, besteht die Zust\u00e4ndigkeit der<br \/> <\/span><\/span><span style=\"color: #0070c0;\"><span style=\"font-family: Arial, serif;\"><b>Schlichtungsstelle bei der Deutschen Bundesbank<\/b><\/span><\/span> <\/span><\/p>\n<p><span style=\"font-family: 'Times New Roman', serif; font-size: 12pt;\"><span style=\"color: #0070c0;\"><span style=\"font-family: Arial, serif;\">Kontakt: Postfach 11 12 32, 60047 Frankfurt <br \/> Telefon: +49 69 \/ 23 88 19 07<br \/> Telefax: +49 69 \/ 70 90 90 99 01<br \/> Internet: <\/span><\/span><a href=\"https:\/\/www.bundesbank.de\/Navigation\/DE\/Service\/Schlichtungsstelle\/schlichtungsstelle.html\"><span style=\"color: #0070c0;\"><span style=\"font-family: Arial, serif;\"><u>https:\/\/www.bundesbank.de\/Navigation\/DE\/Service\/Schlichtungsstelle\/schlichtungsstelle.html<\/u><\/span><\/span><\/a><span style=\"color: #0070c0;\"><span style=\"font-family: Arial, serif;\"><br \/> Mail: <\/span><\/span><a><span style=\"color: #0070c0;\"><span style=\"font-family: Arial, serif;\"><u>schlichtung(at)bundesbank.de<\/u><\/span><\/span><\/a> <\/span><\/p>\n<p><span style=\"font-family: 'Times New Roman', serif; font-size: 12pt;\"><span style=\"color: #9e5c35;\"><span style=\"font-family: Arial, serif;\">Betrifft Ihre Beschwerde eine Darlehensvermittlung, besteht die Zust\u00e4ndigkeit der<br \/> <\/span><\/span><span style=\"color: #9e5c35;\"><span style=\"font-family: Arial, serif;\"><b>Schlichtungsstelle bei der Deutschen Bundesbank<\/b><\/span><\/span> <\/span><\/p>\n<p><span style=\"font-family: 'Times New Roman', serif; font-size: 12pt;\"><span style=\"color: #9e5c35;\"><span style=\"font-family: Arial, serif;\">Kontakt: Postfach 11 12 32, 60047 Frankfurt <br \/> Telefon: +49 69 \/ 23 88 19 07<br \/> Telefax: +49 69 \/ 70 90 90 99 01<br \/> Internet: <a href=\"https:\/\/www.bundesbank.de\/Navigation\/DE\/Service\/Schlichtungsstelle\/schlichtungsstelle.html\">https:\/\/www.bundesbank.de\/Navigation\/DE\/Service\/Schlichtungsstelle\/schlichtungsstelle.html<\/a><br \/> Mail: <a>schlichtung(at)bundesbank.de<\/a><\/span><\/span><\/span><\/p>\n<p>&nbsp;<\/p>\n<p><span style=\"font-family: 'Times New Roman', serif; font-size: 12pt;\"><span style=\"color: #ed1c24;\"><span style=\"font-family: Arial, serif;\">Sofern Ihre Beschwerde die Vermittlung einer Kapitalanlage, insbesondere eines Investmentfonds oder eines Alternativen Investmentfonds sowie die Vermittlung einer Immobilie betrifft, besteht die Zust\u00e4ndigkeit der<br \/> <\/span><\/span><span style=\"color: #ed1c24;\"><span style=\"font-family: Arial, serif;\"><b>Allgemeine Verbraucherschlichtungsstelle des Zentrums f\u00fcr Schlichtung e. V.<\/b><\/span><\/span> <\/span><\/p>\n<p><span style=\"font-family: 'Times New Roman', serif; font-size: 12pt;\"><span style=\"color: #ed1c24;\"><span style=\"font-family: Arial, serif;\">Kontakt: Stra\u00dfburgerstra\u00dfe 8, 77694 Kehl<br \/> Telefon: +49 7851 \/ 79 57 940<br \/> Telefax: +49 7851 \/ 79 57 941<br \/> Internet: <\/span><\/span><a href=\"http:\/\/www.verbraucher-schlichter.de\"><span style=\"color: #ed1c24;\"><span style=\"font-family: Arial, serif;\"><u>www.verbraucher-schlichter.de<\/u><\/span><\/span><\/a><span style=\"color: #ed1c24;\"><span style=\"font-family: Arial, serif;\"><br \/> Mail: <\/span><\/span><a><span style=\"color: #ed1c24;\"><span style=\"font-family: Arial, serif;\"><u>mail(at)verbraucher-schlichter.de<\/u><\/span><\/span><\/a> <\/span><\/p>\n<p><span style=\"font-family: 'Times New Roman', serif; font-size: 12pt;\"><span style=\"color: #9e5c35;\"><span style=\"font-family: Arial, serif;\">Sofern Ihre Beschwerde die Vermittlung einer Kapitalanlage, insbesondere eines Investmentfonds oder eines Alternativen Investmentfonds sowie die Vermittlung einer Immobilie betrifft, besteht die Zust\u00e4ndigkeit der<br \/> <\/span><\/span><span style=\"color: #9e5c35;\"><span style=\"font-family: Arial, serif;\"><b>Allgemeine Verbraucherschlichtungsstelle des Zentrums f\u00fcr Schlichtung e. V. <\/b><\/span><\/span><\/span><\/p>\n<p><span style=\"font-family: 'Times New Roman', serif; font-size: 12pt;\"><span style=\"color: #9e5c35;\"><span style=\"font-family: Arial, serif;\">Kontakt: Stra\u00dfburgerstra\u00dfe 8, 77694 Kehl<br \/> Telefon: +49 7851 \/ 79 57 940<br \/> Telefax: +49 7851 \/ 79 57 941<br \/> Internet: <\/span><\/span><a href=\"http:\/\/www.verbraucher-schlichter.de\"><span style=\"color: #9e5c35;\"><span style=\"font-family: Arial, serif;\"><u>www.verbraucher-schlichter.de<\/u><\/span><\/span><\/a><span style=\"color: #9e5c35;\"><span style=\"font-family: Arial, serif;\"><br \/> Mail: <\/span><\/span><a><span style=\"color: #9e5c35;\"><span style=\"font-family: Arial, serif;\"><u>mail(at)verbraucher-schlichter.de<\/u><\/span><\/span><\/a> <\/span><\/p>\n<p><span style=\"font-family: 'Times New Roman', serif; font-size: 12pt;\"><span style=\"font-family: Arial, serif;\">Bitte achten Sie darauf, dass die Schlichtung erst angerufen werden kann, wenn Ihre Beschwerde gegen\u00fcber unserem Unternehmen mitgeteilt wurde und von uns entweder zur\u00fcckgewiesen oder aber seit mehr als 2 Monaten nicht bearbeitet wurde.<\/span><\/span><\/p>\n<p><span style=\"color: #000000; font-size: 12pt;\"><span style=\"font-family: Arial, serif;\">Die Inhalte der Internet Seiten stellen keine Beratung dar. Wir weisen darauf hin, dass wir keine Subventionsberatung oder F\u00f6rdermittelberatung durchf\u00fchren. Insbesondere ist eine Rechts- oder Steuerberatung nicht beabsichtigt. Die Inhalte der Internet Seiten dienen schwerpunktm\u00e4\u00dfig lediglich der Information und geben einen ersten \u00dcberblick \u00fcberbestehende M\u00f6glichkeiten. <\/span><\/span><\/p>\n<p><span style=\"font-family: Arial, serif; font-size: 12pt;\">Trotz sorgf\u00e4ltiger inhaltlicher Kontrolle \u00fcbernehmen wir keine Haftung f\u00fcr die Inhalte externer Links. F\u00fcr den Inhalt der verlinkten Seiten sind ausschlie\u00dflich deren Betreiber verantwortlich.<\/span><\/p>\n<p class=\"bodytext\"><span style=\"font-size: 12pt;\"><strong>Bildnachweise<br \/> <\/strong><a href=\"http:\/\/fg-welt.de\/quellenangaben-fur-verwendete-bilder\/\">Quellenangaben f\u00fcr verwendete Bilder<\/a><\/span><\/p>\n<p>&nbsp;<\/p>\n<p><\/p>","protected":false},"excerpt":{"rendered":"<p>Die Inhalte der Internet Seiten stellen keine Beratung dar. Wir weisen darauf hin, da\u00df wir keine Subventionsberatung oder F\u00f6rdermittelberatung durchf\u00fchren. Insbesondere ist eine Rechts- oder Steuerberatung nicht beabsichtigt. Die Inhalte der Internet Seiten dienen schwerpunktm\u00e4\u00dfig lediglich der Information und geben einen ersten \u00dcberblick \u00fcber Stanislaus Leinecker In Arbeitsgemeinschaft mit FG FINANZ-SERVICE Aktiengesellschaft Stanislaus LeineckerRotenbergplatz 1072622 &hellip; <a href=\"https:\/\/fg-welt.de\/ru\/impressum\/\" class=\"more-link\">Continue reading <span class=\"screen-reader-text\">\u0418\u043c\u043f\u0440\u0435\u0441\u0441\u0443\u043c<\/span> <span class=\"meta-nav\">&rarr;<\/span><\/a><\/p>\n","protected":false},"author":1,"featured_media":0,"parent":0,"menu_order":0,"comment_status":"closed","ping_status":"closed","template":"","meta":{"footnotes":""},"acf":[],"_links":{"self":[{"href":"https:\/\/fg-welt.de\/ru\/wp-json\/wp\/v2\/pages\/94"}],"collection":[{"href":"https:\/\/fg-welt.de\/ru\/wp-json\/wp\/v2\/pages"}],"about":[{"href":"https:\/\/fg-welt.de\/ru\/wp-json\/wp\/v2\/types\/page"}],"author":[{"embeddable":true,"href":"https:\/\/fg-welt.de\/ru\/wp-json\/wp\/v2\/users\/1"}],"replies":[{"embeddable":true,"href":"https:\/\/fg-welt.de\/ru\/wp-json\/wp\/v2\/comments?post=94"}],"version-history":[{"count":22,"href":"https:\/\/fg-welt.de\/ru\/wp-json\/wp\/v2\/pages\/94\/revisions"}],"predecessor-version":[{"id":1495,"href":"https:\/\/fg-welt.de\/ru\/wp-json\/wp\/v2\/pages\/94\/revisions\/1495"}],"wp:attachment":[{"href":"https:\/\/fg-welt.de\/ru\/wp-json\/wp\/v2\/media?parent=94"}],"curies":[{"name":"wp","href":"https:\/\/api.w.org\/{rel}","templated":true}]}}