{"id":49,"date":"2016-08-17T14:02:15","date_gmt":"2016-08-17T11:02:15","guid":{"rendered":"http:\/\/mybase.com.ua\/finance\/?page_id=49"},"modified":"2017-03-02T18:51:52","modified_gmt":"2017-03-02T15:51:52","slug":"rechner","status":"publish","type":"page","link":"https:\/\/fg-welt.de\/ru\/rechner\/","title":{"rendered":"\u0418\u043f\u043e\u0442\u0435\u043a\u0430"},"content":{"rendered":"<p><img decoding=\"async\" loading=\"lazy\" class=\"aligncenter size-full wp-image-1354\" src=\"http:\/\/fg-welt.de\/wp-content\/uploads\/2016\/08\/business-861327_960_720.jpg\" alt=\"business-861327_960_720\" width=\"960\" height=\"720\" srcset=\"https:\/\/fg-welt.de\/wp-content\/uploads\/2016\/08\/business-861327_960_720.jpg 960w, https:\/\/fg-welt.de\/wp-content\/uploads\/2016\/08\/business-861327_960_720-300x225.jpg 300w, https:\/\/fg-welt.de\/wp-content\/uploads\/2016\/08\/business-861327_960_720-768x576.jpg 768w\" sizes=\"(max-width: 960px) 100vw, 960px\" \/><\/p>\n<ul class=\"rech-ul\">\n<li>\n<p><a class=\"Rechner\" href=\"http:\/\/www.ehyp.de\/ehyp\/servlet\/ehyp?view=b2bCalculator&amp;calltype=b2bexternal&amp;calc=showMietKaufRechner&amp;cst.id.cryptUltd=4026322l2ly-7kq3atftpf9m19oywq454r6b56\" target=\"_blank\"><span style=\"color: #006742;\">Mietkaufrechner<\/span><\/a>\u00a0<br \/> Vergleichen Sie die Kosten von Mieten und Kaufen und erleichtern Sie\u00a0sich die Kaufentscheidung.\u00a0<\/p>\n<\/li>\n<li>\n<p><a class=\"Rechner\" href=\"http:\/\/www.ehyp.de\/ehyp\/servlet\/ehyp?view=b2bCalculator&amp;calltype=b2bexternal&amp;calc=showVfRechnerInput&amp;cst.id.cryptUltd=4026322l2ly-7kq3atftpf9m19oywq454r6b56\" target=\"_blank\"><span style=\"color: #006742;\">Vorf\u00e4lligkeitsentsch\u00e4digungs-Rechner<\/span><\/a>\u00a0<br \/> Kann sich die vorzeitige Umschuldung bzw. Abl\u00f6sung eines bestehenden Darlehens auszahlen? Welche Kosten ergeben sich durch die Vorf\u00e4lligkeitsentsch\u00e4digung? Entspricht ein vorliegendes Angebot der neuesten Rechtssprechung?\u00a0<\/p>\n<\/li>\n<li>\n<p><a class=\"Rechner\" href=\"http:\/\/www.ehyp.de\/ehyp\/servlet\/ehyp?view=b2bCalculator&amp;calltype=b2bexternal&amp;calc=showGrundbuchRechner1&amp;cst.id.cryptUltd=4026322l2md-1gzmggm993r4tmcvh666gz68f56\" target=\"_blank\"><span style=\"color: #006742;\">Grundbuchkostenrechner<\/span><\/a>\u00a0<br \/> Berechnen Sie, welche zus\u00e4tzlichen Geb\u00fchren und Kosten beim Erwerb oder Bau Ihrer eigenen Immobilie entstehen.<\/p>\n<\/li>\n<li>\n<p><a class=\"Rechner\" href=\"http:\/\/www.ehyp.de\/ehyp\/servlet\/ehyp?view=b2bCalculator&amp;calltype=b2bexternal&amp;calc=showNominalEffektivRechner&amp;cst.id.cryptUltd=4026322l2ly-7kq3atftpf9m19oywq454r6b56\" target=\"_blank\"><span style=\"color: #006742;\">Nominal-\/Effektivzinsrechner<\/span><\/a><br \/> Berechnen Sie den Nominalzins ausgehend vom bekannten Effektivzins eines Angebotes (ideal, um Disagiovarianten auszurechnen) und umgekehrt.<\/p>\n<\/li>\n<li>\n<p><a class=\"Rechner\" href=\"http:\/\/www.ehyp.de\/ehyp\/servlet\/ehyp?view=b2bCalculator&amp;calltype=b2bexternal&amp;calc=showZiBiRechnerInput&amp;cst.id.cryptUltd=4026322l2ly-7kq3atftpf9m19oywq454r6b56\" target=\"_blank\"><span style=\"color: #006742;\">Zinsbindungsrechner<\/span><\/a><br \/> Kurze oder lange Zinsbindung? Bei welchem Zinsanstieg wird eine kurze Laufzeit unattraktiv? Wann solte man eine l\u00e4ngere Zinsbindung w\u00e4hlen?<\/p>\n<\/li>\n<li>\n<p><a class=\"Rechner\" href=\"http:\/\/www.ehyp.de\/ehyp\/servlet\/ehyp?view=b2bCalculator&amp;calltype=b2bexternal&amp;calc=showTilgungsrechner&amp;cst.id.cryptUltd=4026322l2ly-7kq3atftpf9m19oywq454r6b56\" target=\"_blank\"><span style=\"color: #006742;\">Restschuldrechner bzw. Tilgungsrechner<\/span><\/a><br \/> Welche Restschuld besteht am Ende der Zinsbindungslaufzeit? Wie lange dauert es, bis das Darlehen vollst\u00e4ndig zur\u00fcckgezahlt ist? Wie teilt sich die monatliche Rate in Zins- und Tilgungszahlungen \u00fcber die Zeit auf?<\/p>\n<\/li>\n<li>\n<p><a class=\"Rechner\" href=\"http:\/\/www.ehyp.de\/ehyp\/servlet\/ehyp?view=b2bCalculator&amp;calltype=b2bexternal&amp;calc=showBudget&amp;cst.id.cryptUltd=4026322l2ly-7kq3atftpf9m19oywq454r6b56\" target=\"_blank\"><span style=\"color: #006742;\">Budgetrechner<\/span><\/a>\u00a0<br \/> Welches Finanzierungsvolumen k\u00f6nnen Sie sich leisten?\u00a0<\/p>\n<\/li>\n<\/ul>\n","protected":false},"excerpt":{"rendered":"<p>Mietkaufrechner\u00a0 Vergleichen Sie die Kosten von Mieten und Kaufen und erleichtern Sie\u00a0sich die Kaufentscheidung.\u00a0 Vorf\u00e4lligkeitsentsch\u00e4digungs-Rechner\u00a0 Kann sich die vorzeitige Umschuldung bzw. Abl\u00f6sung eines bestehenden Darlehens auszahlen? Welche Kosten ergeben sich durch die Vorf\u00e4lligkeitsentsch\u00e4digung? Entspricht ein vorliegendes Angebot der neuesten Rechtssprechung?\u00a0 Grundbuchkostenrechner\u00a0 Berechnen Sie, welche zus\u00e4tzlichen Geb\u00fchren und Kosten beim Erwerb oder Bau Ihrer eigenen Immobilie &hellip; <a href=\"https:\/\/fg-welt.de\/ru\/rechner\/\" class=\"more-link\">Continue reading <span class=\"screen-reader-text\">\u0418\u043f\u043e\u0442\u0435\u043a\u0430<\/span> <span class=\"meta-nav\">&rarr;<\/span><\/a><\/p>\n","protected":false},"author":1,"featured_media":0,"parent":0,"menu_order":0,"comment_status":"closed","ping_status":"closed","template":"","meta":{"footnotes":""},"acf":[],"_links":{"self":[{"href":"https:\/\/fg-welt.de\/ru\/wp-json\/wp\/v2\/pages\/49"}],"collection":[{"href":"https:\/\/fg-welt.de\/ru\/wp-json\/wp\/v2\/pages"}],"about":[{"href":"https:\/\/fg-welt.de\/ru\/wp-json\/wp\/v2\/types\/page"}],"author":[{"embeddable":true,"href":"https:\/\/fg-welt.de\/ru\/wp-json\/wp\/v2\/users\/1"}],"replies":[{"embeddable":true,"href":"https:\/\/fg-welt.de\/ru\/wp-json\/wp\/v2\/comments?post=49"}],"version-history":[{"count":16,"href":"https:\/\/fg-welt.de\/ru\/wp-json\/wp\/v2\/pages\/49\/revisions"}],"predecessor-version":[{"id":1356,"href":"https:\/\/fg-welt.de\/ru\/wp-json\/wp\/v2\/pages\/49\/revisions\/1356"}],"wp:attachment":[{"href":"https:\/\/fg-welt.de\/ru\/wp-json\/wp\/v2\/media?parent=49"}],"curies":[{"name":"wp","href":"https:\/\/api.w.org\/{rel}","templated":true}]}}