{"id":35,"date":"2016-08-17T12:04:59","date_gmt":"2016-08-17T09:04:59","guid":{"rendered":"http:\/\/mybase.com.ua\/finance\/?page_id=35"},"modified":"2016-08-17T12:04:59","modified_gmt":"2016-08-17T09:04:59","slug":"kapitalanlagen","status":"publish","type":"page","link":"https:\/\/fg-welt.de\/ru\/kapitalanlagen\/","title":{"rendered":"Kapitalanlagen"},"content":{"rendered":"<h2>Qualifizierte Beratung auf fachlich hohem Niveau<\/h2>\n<p>Der Gesetzgeber sch\u00fctzt Anleger durch sch\u00e4rfere Regulierung und verlangt die Qualifizierung. Aus unserer Sicht eine gute und notwendige Ma\u00dfnahme, die wir begr\u00fc\u00dfen und f\u00f6rdern.<\/p>\n<p>Ich m\u00f6chte Sie dar\u00fcber informieren, dass ich in diesen Bereichen beratend t\u00e4tig sein darf.  Rechtliche  Informationen dazu finden Sie im Impressum.<\/p>\n<h2>Interessante Kapitalanlagen<\/h2>\n<p>Unternehmerische Beteiligungen sind b\u00f6rsenunabh\u00e4ngige Anlagen,  die nur mit Zulassungen\/ Erlaubnissen gem. \u00a7 34 f Abs. 1 Nr. 2 ,3 GewO oder als vertraglich gebundener Vermittler eines Haftungsdachs vermittelt werden d\u00fcrfen. Mit Hilfe solcher  Beteiligungen kann \u00fcber eine Vielzahl von Anleger, mit den ihnen  jeweils  m\u00f6glichen Investitionssummen als Gesamtheit auch in gro\u00dfe Projekte investiert werden.<\/p>\n<p>Unternehmerische Beteiligungen werden auch unter Begriffe wie Sachwertbeteiligungen, geschlossene Fonds oder alternative Investmentfonds (AIF), wie sie der Gesetzgeber seit der Regulierung durch das Verm\u00f6gensanlagegesetz  nennt, subsumiert und sind damit in den regulierten Markt eingetreten. Durch die Regulierung und die vertrieblichen Qualifizierungs-voraussetzungen sind sie f\u00fcr den Anleger transparenter und verbraucherfreundlicher geworden. Als Teil des Anlageuniversums geh\u00f6ren sie  zu unserem umfassenden, ganzheitlichen Leistungsangebot.<\/p>\n<p>Egal welcher Begriff f\u00fcr eine unternehmerische Beteiligung  gew\u00e4hlt wird, ihre Rendite ist das Ergebnis  aller ihr innewohnenden  Chancen und Risiken. Wer heute Geld investieren m\u00f6chte, will dies vertrauensvoll \u00fcber qualifizierte Berater tun. Wir haben die erforderlichen Zulassungen und w\u00e4hlen zusammen mit Ihnen  Beteiligungen im Rahmen sicherheitsorien-tierter Produktkonzepte wie Dach-, Portfolio-, Multiasset-  oder institutionelle Fonds mit nationalen und internationalen Investitionsm\u00f6glichkeiten aus.<\/p>\n<p>Aus Gesamtportfoliosicht k\u00f6nnen unternehmerische Beteiligungen ein wichtiger Bestandteil vieler Kundenportfolios sein. Als b\u00f6rsenunabh\u00e4ngige Konzepte entwickeln sie sich regelm\u00e4\u00dfig unabh\u00e4ngig von b\u00f6rsenabh\u00e4ngigen Produkten. Damit besteht die M\u00f6glichkeit der Verbesserung des Rendite-Risiko-Verh\u00e4ltnisses innerhalb der Gesamtanlage zu Gunsten des Anlegers. <\/p>\n<p>Bezogen auf die Kaufkraftentwicklung k\u00f6nnen Sachwertbeteiligungen zumindest teilweise vor den negativen Auswirkungen einer Inflation auf diese sch\u00fctzen.<\/p>\n<p>Wir w\u00e4hlen nur unter den von der Aufsichtsbeh\u00f6rde (BaFin) zugelassenen Beteiligungen, bei denen  uns bzw. auch allen Interessenten auf Anforderung ein im Wesentlichen beanstandungsfreies  Gutachten  nach den Richtlinien des Wirtschaftspr\u00fcfer (IdW) vorgelegt werden kann. Zus\u00e4tzlich muss das Emissionshaushaus \u00fcber eine positive Leistungsbilanz verf\u00fcgen. Wir dokumentieren f\u00fcr Sie alle Inhalte unserer Gespr\u00e4che und geben Ihnen das Dokument  f\u00fcr Ihre pers\u00f6nlichen Unterlagen.<\/p>\n<p>Bei uns sind Sie an der richtigen Adresse, wenn Sie plausible, sicherheitsorientierte und verst\u00e4ndliche Konzepte, die Ihre Rendite optimieren suchen und auf transparente Besprechungen Wert legen.<\/p>\n","protected":false},"excerpt":{"rendered":"<p>Qualifizierte Beratung auf fachlich hohem Niveau Der Gesetzgeber sch\u00fctzt Anleger durch sch\u00e4rfere Regulierung und verlangt die Qualifizierung. Aus unserer Sicht eine gute und notwendige Ma\u00dfnahme, die wir begr\u00fc\u00dfen und f\u00f6rdern. Ich m\u00f6chte Sie dar\u00fcber informieren, dass ich in diesen Bereichen beratend t\u00e4tig sein darf. Rechtliche Informationen dazu finden Sie im Impressum. Interessante Kapitalanlagen Unternehmerische Beteiligungen &hellip; <a href=\"https:\/\/fg-welt.de\/ru\/kapitalanlagen\/\" class=\"more-link\">Continue reading <span class=\"screen-reader-text\">Kapitalanlagen<\/span> <span class=\"meta-nav\">&rarr;<\/span><\/a><\/p>\n","protected":false},"author":1,"featured_media":0,"parent":0,"menu_order":0,"comment_status":"closed","ping_status":"closed","template":"","meta":{"footnotes":""},"acf":[],"_links":{"self":[{"href":"https:\/\/fg-welt.de\/ru\/wp-json\/wp\/v2\/pages\/35"}],"collection":[{"href":"https:\/\/fg-welt.de\/ru\/wp-json\/wp\/v2\/pages"}],"about":[{"href":"https:\/\/fg-welt.de\/ru\/wp-json\/wp\/v2\/types\/page"}],"author":[{"embeddable":true,"href":"https:\/\/fg-welt.de\/ru\/wp-json\/wp\/v2\/users\/1"}],"replies":[{"embeddable":true,"href":"https:\/\/fg-welt.de\/ru\/wp-json\/wp\/v2\/comments?post=35"}],"version-history":[{"count":1,"href":"https:\/\/fg-welt.de\/ru\/wp-json\/wp\/v2\/pages\/35\/revisions"}],"predecessor-version":[{"id":36,"href":"https:\/\/fg-welt.de\/ru\/wp-json\/wp\/v2\/pages\/35\/revisions\/36"}],"wp:attachment":[{"href":"https:\/\/fg-welt.de\/ru\/wp-json\/wp\/v2\/media?parent=35"}],"curies":[{"name":"wp","href":"https:\/\/api.w.org\/{rel}","templated":true}]}}