{"id":325,"date":"2016-10-21T09:35:05","date_gmt":"2016-10-21T06:35:05","guid":{"rendered":"http:\/\/fg-welt.de\/?page_id=325"},"modified":"2017-02-12T19:23:44","modified_gmt":"2017-02-12T16:23:44","slug":"unsere-leistungen","status":"publish","type":"page","link":"https:\/\/fg-welt.de\/ru\/unsere-leistungen\/","title":{"rendered":"Unsere Leistungen"},"content":{"rendered":"<p><\/p>\n<p><img decoding=\"async\" loading=\"lazy\" class=\"aligncenter  wp-image-1303\" src=\"http:\/\/fg-welt.de\/wp-content\/uploads\/2016\/10\/eco-construction-1894026_960_720.png\" alt=\"eco-construction-1894026_960_720\" width=\"380\" height=\"348\" srcset=\"https:\/\/fg-welt.de\/wp-content\/uploads\/2016\/10\/eco-construction-1894026_960_720.png 786w, https:\/\/fg-welt.de\/wp-content\/uploads\/2016\/10\/eco-construction-1894026_960_720-300x275.png 300w, https:\/\/fg-welt.de\/wp-content\/uploads\/2016\/10\/eco-construction-1894026_960_720-768x704.png 768w\" sizes=\"(max-width: 380px) 100vw, 380px\" \/><\/p>\n<p style=\"text-align: center;\"><span style=\"color: #008000; font-size: 24pt;\"><strong><span style=\"font-size: 36pt;\">\u00a0 \u00a0<span style=\"color: #47804f;\">Unsere Leistungen<\/span><\/span><br \/><\/strong><\/span><span style=\"color: #47804f;\">\u00a0 \u00a0 \u00a0 \u00a0 \u00a0 \u00a0 \u00a0 \u00a0 \u00a0 \u00a0 \u00a0 \u00a0 \u00a0 \u00a0 \u00a0 \u00a0 \u00a0 \u00a0 \u00a0 \u00a0 \u00a0 \u00a0 \u00a0 \u00a0 \u00a0 \u00a0 \u00a0 \u00a0 <span style=\"font-size: 18pt;\">\u00a0 \u00a0 \u00a0 \u00a0 \u00a0 \u00a0 Nicht billig, sondern g\u00fcnstig!<\/span><\/span><\/p>\n<p><span style=\"font-size: 10pt;\"><em>Ein Haus zu bauen ist eine Entscheidung, die gut \u00fcberlegt und noch sorgf\u00e4ltiger geplant sein sollte.\u00a0Wir unterst\u00fctzen Sie in den wichtigen Bereichen, damit Ihr Traum vom Haus in Erf\u00fcllung gehen kann.<\/em><\/span><\/p>\n<h3>\u00d6koEnergie Bauweise<\/h3>\n<p>Wir erbauen Ihnen Ihr Haus aus bew\u00e4hrten und innovativen Baustoffen zum garantierten Festpreis. Hohe W\u00e4rmed\u00e4mmung und gute Atmungsaktivit\u00e4t garantieren ein besonders angenehmes und gesundes Wohnklima.<\/p>\n<h3>Finanzierungsrechner<\/h3>\n<p>F\u00fcr eine erste unverbindliche Berechnung Ihrer Finanzierung gibt es unseren Finanzierungsrechner. Damit Ihr Traum vom Haus auf soliden Fundamenten steht.<\/p>\n<h3>Unsere Leistungen<\/h3>\n<ul style=\"list-style-type: square;\">\n<li><span style=\"font-size: 14pt;\">Rohbau<\/span><\/li>\n<li><span style=\"font-size: 14pt;\">Ausbauhaus<\/span><\/li>\n<li><span style=\"font-size: 14pt;\">Schl\u00fcsselfertig Haus<\/span><\/li>\n<li><span style=\"font-size: 14pt;\">Innen-\/-au\u00dfen-\/Strukturputz<\/span><\/li>\n<li><span style=\"font-size: 14pt;\">Estrich Legen<\/span><\/li>\n<li><span style=\"font-size: 14pt;\">Heizung und Sanit\u00e4r<\/span><\/li>\n<li><span style=\"font-size: 14pt;\">Maler und Bodenarbeiten<\/span><\/li>\n<li><span style=\"font-size: 14pt;\">Fenster<\/span><\/li>\n<li><span style=\"font-size: 14pt;\">Innen und au\u00dfen T\u00fcren<\/span><\/li>\n<li style=\"text-align: left;\"><span style=\"font-size: 14pt;\">Au\u00dfenanlagen\n<p><\/span><\/li>\n<\/ul>\n<p>Bitte kontaktieren Sie uns telefonisch oder per E-mail und wir machen Ihnen ein passendes Angebot.<\/p>\n<p><\/p>","protected":false},"excerpt":{"rendered":"<p>\u00a0 \u00a0Unsere Leistungen\u00a0 \u00a0 \u00a0 \u00a0 \u00a0 \u00a0 \u00a0 \u00a0 \u00a0 \u00a0 \u00a0 \u00a0 \u00a0 \u00a0 \u00a0 \u00a0 \u00a0 \u00a0 \u00a0 \u00a0 \u00a0 \u00a0 \u00a0 \u00a0 \u00a0 \u00a0 \u00a0 \u00a0 \u00a0 \u00a0 \u00a0 \u00a0 \u00a0 \u00a0 Nicht billig, sondern g\u00fcnstig! Ein Haus zu bauen ist eine Entscheidung, die gut \u00fcberlegt und noch sorgf\u00e4ltiger geplant sein &hellip; <a href=\"https:\/\/fg-welt.de\/ru\/unsere-leistungen\/\" class=\"more-link\">Continue reading <span class=\"screen-reader-text\">Unsere Leistungen<\/span> <span class=\"meta-nav\">&rarr;<\/span><\/a><\/p>\n","protected":false},"author":1,"featured_media":0,"parent":0,"menu_order":0,"comment_status":"closed","ping_status":"closed","template":"","meta":{"footnotes":""},"acf":[],"_links":{"self":[{"href":"https:\/\/fg-welt.de\/ru\/wp-json\/wp\/v2\/pages\/325"}],"collection":[{"href":"https:\/\/fg-welt.de\/ru\/wp-json\/wp\/v2\/pages"}],"about":[{"href":"https:\/\/fg-welt.de\/ru\/wp-json\/wp\/v2\/types\/page"}],"author":[{"embeddable":true,"href":"https:\/\/fg-welt.de\/ru\/wp-json\/wp\/v2\/users\/1"}],"replies":[{"embeddable":true,"href":"https:\/\/fg-welt.de\/ru\/wp-json\/wp\/v2\/comments?post=325"}],"version-history":[{"count":17,"href":"https:\/\/fg-welt.de\/ru\/wp-json\/wp\/v2\/pages\/325\/revisions"}],"predecessor-version":[{"id":1306,"href":"https:\/\/fg-welt.de\/ru\/wp-json\/wp\/v2\/pages\/325\/revisions\/1306"}],"wp:attachment":[{"href":"https:\/\/fg-welt.de\/ru\/wp-json\/wp\/v2\/media?parent=325"}],"curies":[{"name":"wp","href":"https:\/\/api.w.org\/{rel}","templated":true}]}}