{"id":267,"date":"2016-10-18T16:35:05","date_gmt":"2016-10-18T13:35:05","guid":{"rendered":"http:\/\/fg-welt.de\/?page_id=267"},"modified":"2017-03-21T16:31:18","modified_gmt":"2017-03-21T13:31:18","slug":"dax-rente","status":"publish","type":"page","link":"https:\/\/fg-welt.de\/ru\/dax-rente\/","title":{"rendered":"DAX\u00ae-Rente"},"content":{"rendered":"<p><\/p>\n<p><img decoding=\"async\" loading=\"lazy\" class=\"aligncenter size-full wp-image-1290\" src=\"http:\/\/fg-welt.de\/wp-content\/uploads\/2016\/10\/tax-468440_960_720.jpg\" alt=\"tax-468440_960_720\" width=\"960\" height=\"640\" srcset=\"https:\/\/fg-welt.de\/wp-content\/uploads\/2016\/10\/tax-468440_960_720.jpg 960w, https:\/\/fg-welt.de\/wp-content\/uploads\/2016\/10\/tax-468440_960_720-300x200.jpg 300w, https:\/\/fg-welt.de\/wp-content\/uploads\/2016\/10\/tax-468440_960_720-768x512.jpg 768w\" sizes=\"(max-width: 960px) 100vw, 960px\" \/><\/p>\n<p>Mit der DAX\u00ae-Rente w\u00e4hlen Sie eine intelligente Art der Kapitalanlage: Denn anders als bei herk\u00f6mmlichen Anlageprodukten m\u00fcssen Sie sich hier nicht zwischen Rendite und Sicherheit entscheiden.<\/p>\n<p> Sie k\u00f6nnen von den h\u00f6heren Ertragschancen am Aktienmarkt profitieren w\u00e4hrend Ihr angespartes Verm\u00f6gen immer von Verlusten gesch\u00fctzt ist.<\/p>\n<p>&nbsp;<\/p>\n<p>Die gesetzliche Rentenversicherung wird in Zukunft nur noch eine Grundabsicherung leisten k\u00f6nnen. Private Vorsorge ist deswegen unumg\u00e4nglich.\u00a0<\/p>\n<p>Wir bieten Ihnen ein innovatives Vorsorgeprodukt, bei dem Sie keine Verluste bef\u00fcrchten m\u00fcssen und gleichzeitig von guten Renditechancen profitieren &#8211; die N\u00dcRNBERGER DAX\u00ae-Rente*.<\/p>\n<p><iframe loading=\"lazy\" src=\"https:\/\/www.youtube-nocookie.com\/embed\/CGpkEBPC8VA?rel=0&amp;showinfo=0\" width=\"825\" height=\"475\" frameborder=\"0\" allowfullscreen=\"allowfullscreen\"><\/iframe>\u00a0<\/p>\n<div class=\"tabToggleBoxContent\"><span style=\"font-size: 14pt;\"><strong>So funktioniert der Indexbeteiligung\u00a0<\/strong><\/span><\/p>\n<p> Ein j\u00e4hrlicher Wertzuwachs Ihres eingesetzten Kapitals berechnet sich aus den monatlichen Gewinnen und den Verlusten des von Ihnen gew\u00e4hlten Aktienindex: Sie werden am Ende eines jeden Indexjahres aufsummiert und ergeben die sogenannte ma\u00dfgebliche Jahresrendite. Ist dieser Wert positiv, wird Ihr Vertragswert zu Beginn des Indexjahres damit verzinst und gleich f\u00fcr immer gesichert. Das bedeutet f\u00fcr Sie konkret: Was Ihnen gutgeschrieben wurde, kann nicht mehr weniger werden (= Lock-in).<\/p>\n<p><strong>Negative Summen am Ende des Jahres werden auf Null gesetzt. Die ma\u00dfgebliche Jahresrendite ist damit nie negativ! Ihr Vertragswert ist so vor Verlusten gesch\u00fctzt und kann nie sinken.<\/strong><\/p>\n<p>Um Ihnen diese Sicherheit zu bieten, wird jedes Jahr eine Renditeobergrenze (Cap) f\u00fcr den Aktienindex festgelegt. Bis zu dieser Grenze gehen die monatlichen Gewinne komplett in die Berechnung Ihrer Jahresrendite ein. Liegt der Wert dar\u00fcber, wird er gekappt.<\/p>\n<\/div>\n<p><img decoding=\"async\" loading=\"lazy\" class=\"size-full wp-image-752 aligncenter\" src=\"http:\/\/fg-welt.de\/wp-content\/uploads\/2016\/10\/NVGR_001424_01.jpg\" alt=\"\" width=\"496\" height=\"445\" srcset=\"https:\/\/fg-welt.de\/wp-content\/uploads\/2016\/10\/NVGR_001424_01.jpg 496w, https:\/\/fg-welt.de\/wp-content\/uploads\/2016\/10\/NVGR_001424_01-300x269.jpg 300w\" sizes=\"(max-width: 496px) 100vw, 496px\" \/><\/p>\n<p><span style=\"font-size: 14pt;\"><strong>W\u00e4hrend der Laufzeit<\/strong><\/span><\/p>\n<ul>\n<li><span style=\"font-size: 12pt;\">Sie entscheiden j\u00e4hrlich neu, ob Sie sich am Aktienindex beteiligen wollen oder die sichere Verzinsung w\u00e4hlen. Eine Mischung aus beidem k\u00f6nnen Sie ebenfalls j\u00e4hrlich \u00e4ndern.<\/span><\/li>\n<li><span style=\"font-size: 12pt;\">Zuzahlungen zu Ihrem Vertrag sind bis 10 Jahre vor Ablauf jederzeit m\u00f6glich.<\/span><\/li>\n<li><span style=\"font-size: 12pt;\">Sie k\u00f6nnen Ihrem Vertrag auch Kapital entnehmen, im Fall einer <span class=\"glossarLink\">Pflegebed\u00fcrftigkeit<\/span> oder schweren Krankheit sogar steuerfrei.<\/span><\/li>\n<\/ul>\n<p> *DAX\u00ae ist eine eingetragene Marke der Deutsche B\u00f6rse AG.<\/p>\n<p><\/p>","protected":false},"excerpt":{"rendered":"<p>Mit der DAX\u00ae-Rente w\u00e4hlen Sie eine intelligente Art der Kapitalanlage: Denn anders als bei herk\u00f6mmlichen Anlageprodukten m\u00fcssen Sie sich hier nicht zwischen Rendite und Sicherheit entscheiden. Sie k\u00f6nnen von den h\u00f6heren Ertragschancen am Aktienmarkt profitieren w\u00e4hrend Ihr angespartes Verm\u00f6gen immer von Verlusten gesch\u00fctzt ist. &nbsp; Die gesetzliche Rentenversicherung wird in Zukunft nur noch eine Grundabsicherung &hellip; <a href=\"https:\/\/fg-welt.de\/ru\/dax-rente\/\" class=\"more-link\">Continue reading <span class=\"screen-reader-text\">DAX\u00ae-Rente<\/span> <span class=\"meta-nav\">&rarr;<\/span><\/a><\/p>\n","protected":false},"author":1,"featured_media":0,"parent":0,"menu_order":0,"comment_status":"closed","ping_status":"closed","template":"","meta":{"footnotes":""},"acf":[],"_links":{"self":[{"href":"https:\/\/fg-welt.de\/ru\/wp-json\/wp\/v2\/pages\/267"}],"collection":[{"href":"https:\/\/fg-welt.de\/ru\/wp-json\/wp\/v2\/pages"}],"about":[{"href":"https:\/\/fg-welt.de\/ru\/wp-json\/wp\/v2\/types\/page"}],"author":[{"embeddable":true,"href":"https:\/\/fg-welt.de\/ru\/wp-json\/wp\/v2\/users\/1"}],"replies":[{"embeddable":true,"href":"https:\/\/fg-welt.de\/ru\/wp-json\/wp\/v2\/comments?post=267"}],"version-history":[{"count":19,"href":"https:\/\/fg-welt.de\/ru\/wp-json\/wp\/v2\/pages\/267\/revisions"}],"predecessor-version":[{"id":1397,"href":"https:\/\/fg-welt.de\/ru\/wp-json\/wp\/v2\/pages\/267\/revisions\/1397"}],"wp:attachment":[{"href":"https:\/\/fg-welt.de\/ru\/wp-json\/wp\/v2\/media?parent=267"}],"curies":[{"name":"wp","href":"https:\/\/api.w.org\/{rel}","templated":true}]}}